{"id":28,"date":"2023-08-24T16:44:09","date_gmt":"2023-08-24T07:44:09","guid":{"rendered":"https:\/\/www.smtj.co.jp\/vietnam\/?page_id=28"},"modified":"2024-04-17T07:47:01","modified_gmt":"2024-04-17T07:47:01","slug":"thanh-vien","status":"publish","type":"page","link":"https:\/\/www.smtj.co.jp\/vietnam\/index.php\/thanh-vien\/","title":{"rendered":"\u0110\u0103ng k\u00fd Th\u00e0nh vi\u00ean"},"content":{"rendered":"","protected":false},"excerpt":{"rendered":"","protected":false},"author":1,"featured_media":0,"parent":0,"menu_order":0,"comment_status":"closed","ping_status":"closed","template":"","meta":{"footnotes":""},"class_list":["post-28","page","type-page","status-publish","hentry"],"_links":{"self":[{"href":"https:\/\/www.smtj.co.jp\/vietnam\/index.php\/wp-json\/wp\/v2\/pages\/28","targetHints":{"allow":["GET"]}}],"collection":[{"href":"https:\/\/www.smtj.co.jp\/vietnam\/index.php\/wp-json\/wp\/v2\/pages"}],"about":[{"href":"https:\/\/www.smtj.co.jp\/vietnam\/index.php\/wp-json\/wp\/v2\/types\/page"}],"author":[{"embeddable":true,"href":"https:\/\/www.smtj.co.jp\/vietnam\/index.php\/wp-json\/wp\/v2\/users\/1"}],"replies":[{"embeddable":true,"href":"https:\/\/www.smtj.co.jp\/vietnam\/index.php\/wp-json\/wp\/v2\/comments?post=28"}],"version-history":[{"count":2,"href":"https:\/\/www.smtj.co.jp\/vietnam\/index.php\/wp-json\/wp\/v2\/pages\/28\/revisions"}],"predecessor-version":[{"id":41,"href":"https:\/\/www.smtj.co.jp\/vietnam\/index.php\/wp-json\/wp\/v2\/pages\/28\/revisions\/41"}],"wp:attachment":[{"href":"https:\/\/www.smtj.co.jp\/vietnam\/index.php\/wp-json\/wp\/v2\/media?parent=28"}],"curies":[{"name":"wp","href":"https:\/\/api.w.org\/{rel}","templated":true}]}}